{"id":526,"date":"2023-02-06T21:18:41","date_gmt":"2023-02-07T02:18:41","guid":{"rendered":"https:\/\/biodegradablesproeco.com\/?page_id=526"},"modified":"2024-08-29T23:18:44","modified_gmt":"2024-08-30T04:18:44","slug":"contactanos","status":"publish","type":"page","link":"https:\/\/biodegradablesproeco.com\/en\/contactanos\/","title":{"rendered":"Contact us at"},"content":{"rendered":"<div class=\"wpforms-container \" id=\"wpforms-5719\"><form id=\"wpforms-form-5719\" class=\"wpforms-validate wpforms-form wpforms-ajax-form\" data-formid=\"5719\" method=\"post\" enctype=\"multipart\/form-data\" action=\"\/en\/wp-json\/wp\/v2\/pages\/526\" data-token=\"7ca9f866ed6b77f7b14e775b45f75f09\" data-token-time=\"1775865718\"><noscript class=\"wpforms-error-noscript\">Please enable JavaScript in your browser to complete this form.<\/noscript><div class=\"wpforms-field-container\"><div id=\"wpforms-5719-field_1-container\" class=\"wpforms-field wpforms-field-name\" data-field-id=\"1\"><label class=\"wpforms-field-label\">Nombre <span class=\"wpforms-required-label\">*<\/span><\/label><div class=\"wpforms-field-row wpforms-field-large\"><div class=\"wpforms-field-row-block wpforms-first wpforms-one-half\"><input type=\"text\" id=\"wpforms-5719-field_1\" class=\"wpforms-field-name-first wpforms-field-required\" name=\"wpforms[fields][1][first]\" required><label for=\"wpforms-5719-field_1\" class=\"wpforms-field-sublabel after\">First<\/label><\/div><div class=\"wpforms-field-row-block wpforms-one-half\"><input type=\"text\" id=\"wpforms-5719-field_1-last\" class=\"wpforms-field-name-last wpforms-field-required\" name=\"wpforms[fields][1][last]\" required><label for=\"wpforms-5719-field_1-last\" class=\"wpforms-field-sublabel after\">Last<\/label><\/div><\/div><\/div>\t\t<div id=\"wpforms-5719-field_4-container\"\n\t\t\tclass=\"wpforms-field wpforms-field-text\"\n\t\t\tdata-field-type=\"text\"\n\t\t\tdata-field-id=\"4\"\n\t\t\t>\n\t\t\t<label class=\"wpforms-field-label\" for=\"wpforms-5719-field_4\" >Correo Productos D\u00e9janos<\/label>\n\t\t\t<input type=\"text\" id=\"wpforms-5719-field_4\" class=\"wpforms-field-medium\" name=\"wpforms[fields][4]\" >\n\t\t<\/div>\n\t\t<div id=\"wpforms-5719-field_3-container\" class=\"wpforms-field wpforms-field-email\" data-field-id=\"3\"><label class=\"wpforms-field-label\" for=\"wpforms-5719-field_3\">Correo <span class=\"wpforms-required-label\">*<\/span><\/label><input type=\"email\" id=\"wpforms-5719-field_3\" class=\"wpforms-field-medium wpforms-field-required\" name=\"wpforms[fields][3]\" spellcheck=\"false\" required><\/div><div id=\"wpforms-5719-field_7-container\" class=\"wpforms-field wpforms-field-text\" data-field-id=\"7\"><label class=\"wpforms-field-label\" for=\"wpforms-5719-field_7\">Empresa<\/label><input type=\"text\" id=\"wpforms-5719-field_7\" class=\"wpforms-field-medium\" name=\"wpforms[fields][7]\" ><\/div><div id=\"wpforms-5719-field_9-container\" class=\"wpforms-field wpforms-field-text\" data-field-id=\"9\"><label class=\"wpforms-field-label\" for=\"wpforms-5719-field_9\">Cargo<\/label><input type=\"text\" id=\"wpforms-5719-field_9\" class=\"wpforms-field-medium\" name=\"wpforms[fields][9]\" ><\/div><div id=\"wpforms-5719-field_6-container\" class=\"wpforms-field wpforms-field-select wpforms-field-select-style-classic\" data-field-id=\"6\"><label class=\"wpforms-field-label\" for=\"wpforms-5719-field_6\">Productos de inter\u00e9s <span class=\"wpforms-required-label\">*<\/span><\/label><select id=\"wpforms-5719-field_6\" class=\"wpforms-field-medium wpforms-field-required\" name=\"wpforms[fields][6]\" required=\"required\"><option value=\"Cubiertos\"  class=\"choice-1 depth-1\"  >Cubiertos<\/option><option value=\"Platos\"  class=\"choice-2 depth-1\"  >Platos<\/option><option value=\"Vasos\"  class=\"choice-3 depth-1\"  >Vasos<\/option><option value=\"Contenedores\"  class=\"choice-4 depth-1\"  >Contenedores<\/option><\/select><\/div><div id=\"wpforms-5719-field_8-container\" class=\"wpforms-field wpforms-field-text\" data-field-id=\"8\"><label class=\"wpforms-field-label\" for=\"wpforms-5719-field_8\">Sector de negocio<\/label><input type=\"text\" id=\"wpforms-5719-field_8\" class=\"wpforms-field-medium\" name=\"wpforms[fields][8]\" ><\/div><div id=\"wpforms-5719-field_11-container\" class=\"wpforms-field wpforms-field-text\" data-field-id=\"11\"><label class=\"wpforms-field-label\" for=\"wpforms-5719-field_11\">Celular<\/label><input type=\"text\" id=\"wpforms-5719-field_11\" class=\"wpforms-field-medium\" name=\"wpforms[fields][11]\" ><\/div><div id=\"wpforms-5719-field_5-container\" class=\"wpforms-field wpforms-field-text\" data-field-id=\"5\"><label class=\"wpforms-field-label\" for=\"wpforms-5719-field_5\">Departamento<\/label><input type=\"text\" id=\"wpforms-5719-field_5\" class=\"wpforms-field-medium\" name=\"wpforms[fields][5]\" placeholder=\"Ciudad, Departamento\" ><\/div><div id=\"wpforms-5719-field_27-container\" class=\"wpforms-field wpforms-field-textarea\" data-field-id=\"27\"><label class=\"wpforms-field-label\" for=\"wpforms-5719-field_27\">D\u00e9janos tus inquietudes:<\/label><textarea id=\"wpforms-5719-field_27\" class=\"wpforms-field-medium\" name=\"wpforms[fields][27]\" ><\/textarea><\/div><script>\n\t\t\t\t( function() {\n\t\t\t\t\tconst style = document.createElement( 'style' );\n\t\t\t\t\tstyle.appendChild( document.createTextNode( '#wpforms-5719-field_4-container { position: absolute !important; overflow: hidden !important; display: inline !important; height: 1px !important; width: 1px !important; z-index: -1000 !important; padding: 0 !important; } #wpforms-5719-field_4-container input { visibility: hidden; } #wpforms-conversational-form-page #wpforms-5719-field_4-container label { counter-increment: none; }' ) );\n\t\t\t\t\tdocument.head.appendChild( style );\n\t\t\t\t\tdocument.currentScript?.remove();\n\t\t\t\t} )();\n\t\t\t<\/script><\/div><!-- .wpforms-field-container --><div class=\"wpforms-submit-container\" ><input type=\"hidden\" name=\"wpforms[id]\" value=\"5719\"><input type=\"hidden\" name=\"page_title\" value=\"\"><input type=\"hidden\" name=\"page_url\" value=\"https:\/\/biodegradablesproeco.com\/en\/wp-json\/wp\/v2\/pages\/526\"><input type=\"hidden\" name=\"url_referer\" value=\"\"><button type=\"submit\" name=\"wpforms[submit]\" id=\"wpforms-submit-5719\" class=\"wpforms-submit\" data-alt-text=\"Enviando...\" data-submit-text=\"Enviar\" aria-live=\"assertive\" value=\"wpforms-submit\">Enviar<\/button><img decoding=\"async\" data-src=\"https:\/\/biodegradablesproeco.com\/wp-content\/plugins\/wpforms-lite\/assets\/images\/submit-spin.svg\" class=\"wpforms-submit-spinner lazyload\" style=\"--smush-placeholder-width: 26px; --smush-placeholder-aspect-ratio: 26\/26;display: none;\" width=\"26\" height=\"26\" alt=\"Loading\" src=\"data:image\/svg+xml;base64,PHN2ZyB3aWR0aD0iMSIgaGVpZ2h0PSIxIiB4bWxucz0iaHR0cDovL3d3dy53My5vcmcvMjAwMC9zdmciPjwvc3ZnPg==\"><\/div><\/form><\/div>  <!-- .wpforms-container -->\r\n\r\n<h3 class=\"wp-block-heading has-text-align-center\">ENCUENTRA NUESTROS PRODUCTOS<\/h3>\r\n\r\n\r\n\r\n<div class=\"wp-block-spacer\" style=\"height: 30px;\" aria-hidden=\"true\">\u00a0<\/div>\r\n<div class=\"wp-block-columns alignwide vw-gardening-landscaping service-col mx-md-5 mx-0\">\r\n<div class=\"wp-block-column vw-gardening-landscaping expertise-col p-4 mb-5 mx-3 mx-lg-0 mx-md-0 animated fadeInUp\">\r\n\r\n\r\n<div class=\"wp-block-ive-ibtana-visual-editorbtn btn-inner-wrap ive-btn-main-parent_3abffc-b9 vw-gardening-landscaping our-expertise-btn text-center\">\r\n<div class=\"ive-btn-wrap ive-btn-unique_3abffc-b9 undefined ive-btn-wrap-0 ive-btn-align  text-center text-sm-left text-lg-center text-xl-center \"><a class=\"anchrstyle ive-button-ad_3abffc-b9 ive-button-0 ive-btn-0-action ive-btn-svg-showalways ive-btn-has-text-true\" href=\"https:\/\/biodegradablesproeco.com\/para-ti\/\" target=\"_self\" rel=\"noreferrer noopener\"><span class=\"ive-btn-inner-text\">PUNTOS DE VENTA<\/span><\/a><\/div>\r\n<\/div>\r\n<\/div>\r\n<!-- \/wp:post-content -->\r\n\r\n<!-- wp:column {\"className\":\"vw-gardening-landscaping expertise-col p-4 mb-5 mx-3 mx-lg-0 mx-md-0 animated fadeInUp delay-100ms\"} -->\r\n<div class=\"wp-block-column vw-gardening-landscaping expertise-col p-4 mb-5 mx-3 mx-lg-0 mx-md-0 animated fadeInUp delay-100ms\"><!-- wp:image {\"align\":\"center\",\"id\":169,\"sizeSlug\":\"thumbnail\",\"linkDestination\":\"none\",\"className\":\"text-center\"} -->\r\n<figure class=\"wp-block-image aligncenter size-thumbnail text-center\"><img decoding=\"async\" width=\"150\" height=\"150\" class=\"wp-image-169 lazyload\" data-src=\"https:\/\/biodegradablesproeco.com\/wp-content\/uploads\/2023\/02\/distribucion-150x150.png\" alt=\"\" data-srcset=\"https:\/\/biodegradablesproeco.com\/wp-content\/uploads\/2023\/02\/distribucion-150x150.png 150w, https:\/\/biodegradablesproeco.com\/wp-content\/uploads\/2023\/02\/distribucion-300x300.png 300w, https:\/\/biodegradablesproeco.com\/wp-content\/uploads\/2023\/02\/distribucion-100x100.png 100w, https:\/\/biodegradablesproeco.com\/wp-content\/uploads\/2023\/02\/distribucion.png 500w\" data-sizes=\"(max-width: 150px) 100vw, 150px\" src=\"data:image\/svg+xml;base64,PHN2ZyB3aWR0aD0iMSIgaGVpZ2h0PSIxIiB4bWxucz0iaHR0cDovL3d3dy53My5vcmcvMjAwMC9zdmciPjwvc3ZnPg==\" style=\"--smush-placeholder-width: 150px; --smush-placeholder-aspect-ratio: 150\/150;\" \/><\/figure>\r\n<!-- \/wp:image -->\r\n\r\n<!-- wp:ive\/ibtana-visual-editorheading {\"headContent\":\"\\u003cstrong\\u003ePARA TU NEGOCIO\\u003c\/strong\\u003e\",\"uniqueID\":\"_afbcb2-64\",\"color\":\"#222222\",\"typography\":\"Krub\",\"googleFont\":true,\"fontVariant\":\"600\",\"fontWeight\":\"600\",\"deskfontSize\":18,\"tabfontSize\":18,\"mobfontSize\":18,\"textTransform\":\"capitalize\"} -->\r\n<div class=\"wp-block-ive-ibtana-visual-editorheading\">\r\n<div class=\"ive-advanced-text-wrap ive-div-advance-text_afbcb2-64 undefined text-center text-md-center text-lg-center text-xl-center\">\r\n<h2 id=\"ive-adv-advance-text_afbcb2-64\" class=\"ive-heading-parent undefined ive-advanced-text-inner-wrap ive-adv-advance-text_afbcb2-64 ive-lh-xs-30 ive-lh-sm-30 ive-lh-md-30 ive-lh-lg-30 ive-lh-xl-30\"><strong>PARA TU NEGOCIO<\/strong><\/h2>\r\n<\/div>\r\n<\/div>\r\n<!-- \/wp:ive\/ibtana-visual-editorheading -->\r\n\r\n<!-- wp:ive\/ibtana-visual-editorheading {\"headContent\":\"Si est\u00e1s interesado en adquirir, consumir o comercializar \\u003cstrong\\u003esoluciones y productos eco-usables\\u003c\/strong\\u003e al por mayor, cont\u00e1ctanos aqu\u00ed. \",\"level\":7,\"uniqueID\":\"_89682a-14\",\"color\":\"#000000\",\"typography\":\"Roboto\",\"googleFont\":true,\"fontSubset\":\"latin\",\"fontVariant\":\"regular\",\"deskfontSize\":14,\"tabfontSize\":14,\"mobfontSize\":14,\"className\":\"o-typing-faster\"} -->\r\n<div class=\"wp-block-ive-ibtana-visual-editorheading o-typing-faster\">\r\n<div class=\"ive-advanced-text-wrap ive-div-advance-text_89682a-14 undefined text-center text-md-center text-lg-center text-xl-center\">\r\n<p id=\"ive-adv-advance-text_89682a-14\" class=\"ive-heading-parent undefined ive-advanced-text-inner-wrap ive-adv-advance-text_89682a-14 ive-lh-xs-30 ive-lh-sm-30 ive-lh-md-30 ive-lh-lg-30 ive-lh-xl-30\">Si est\u00e1s interesado en adquirir, consumir o comercializar <strong>soluciones y productos eco-usables<\/strong> al por mayor, cont\u00e1ctanos aqu\u00ed.<\/p>\r\n<\/div>\r\n<\/div>\r\n<!-- \/wp:ive\/ibtana-visual-editorheading -->\r\n\r\n<!-- wp:ive\/ibtana-visual-editorbtn {\"uniqueID\":\"_ef8010-eb\",\"btns\":[{\"text\":\"DISTRIBUIDORES\",\"link\":\"https:\/\/biodegradablesproeco.com\/para-tu-negocio\/\",\"target\":\"_self\",\"desksize\":14,\"tabsize\":14,\"mobsize\":14,\"deskAlign\":\"center\",\"tabAlign\":\"left\",\"mobAlign\":\"center\",\"deskMarginTop\":5,\"tabMarginTop\":5,\"mobMarginTop\":5,\"deskMarginBottom\":5,\"tabMarginBottom\":5,\"mobMarginBottom\":5,\"deskpaddingBT\":12,\"deskpaddingLR\":25,\"tabpaddingBT\":12,\"tabpaddingLR\":25,\"mobpaddingBT\":12,\"mobpaddingLR\":25,\"color\":\"#222222\",\"background\":\"#d7d7d7\",\"border\":\"#555555\",\"borderRadius\":25,\"borderWidth\":0,\"colorHover\":\"#ffffff\",\"backgroundHover\":\"#73b21a\",\"borderHover\":\"#444444\",\"icon\":\"\",\"iconSide\":\"right\",\"iconpaddingleft\":5,\"iconpaddingright\":5,\"iconHover\":false,\"iconSvg\":\"\",\"iconSvgLeft\":\"\"}],\"typography\":\"Krub\",\"googleFont\":true,\"fontVariant\":\"700\",\"fontWeight\":\"700\",\"className\":\"vw-gardening-landscaping our-expertise-btn text-center\"} -->\r\n<div class=\"wp-block-ive-ibtana-visual-editorbtn btn-inner-wrap ive-btn-main-parent_ef8010-eb vw-gardening-landscaping our-expertise-btn text-center\">\r\n<div class=\"ive-btn-wrap ive-btn-unique_ef8010-eb undefined ive-btn-wrap-0 ive-btn-align  text-center text-sm-left text-lg-center text-xl-center \"><a class=\"anchrstyle ive-button-ad_ef8010-eb ive-button-0 ive-btn-0-action ive-btn-svg-showalways ive-btn-has-text-true\" href=\"https:\/\/biodegradablesproeco.com\/para-tu-negocio\/\" target=\"_self\" rel=\"noreferrer noopener\"><span class=\"ive-btn-inner-text\">DISTRIBUIDORES<\/span><\/a><\/div>\r\n<\/div>\r\n<!-- \/wp:ive\/ibtana-visual-editorbtn --><\/div>\r\n<!-- \/wp:column --><\/div>\r\n<!-- \/wp:columns -->\r\n\r\n<!-- wp:themeisle-blocks\/icon-list {\"id\":\"wp-block-themeisle-blocks-icon-list-8ccf4866\"} -->\r\n<div id=\"wp-block-themeisle-blocks-icon-list-8ccf4866\" class=\"wp-block-themeisle-blocks-icon-list\"><!-- wp:themeisle-blocks\/icon-list-item {\"id\":\"wp-block-themeisle-blocks-icon-list-item-b657b8ad\",\"library\":\"fontawesome\",\"iconPrefix\":\"fas\",\"icon\":\"angle-right\"} -->\r\n<div id=\"wp-block-themeisle-blocks-icon-list-item-b657b8ad\" class=\"wp-block-themeisle-blocks-icon-list-item\"><i class=\"fas fa-angle-right wp-block-themeisle-blocks-icon-list-item-icon\"><\/i>\r\n<p class=\"wp-block-themeisle-blocks-icon-list-item-content\">\u00a0<\/p>\r\n<\/div>\r\n<!-- \/wp:themeisle-blocks\/icon-list-item --><\/div>\r\n<!-- \/wp:themeisle-blocks\/icon-list -->","protected":false},"excerpt":{"rendered":"<p>ENCUENTRA NUESTROS PRODUCTOS PARA TU NEGOCIO Si est\u00e1s interesado en adquirir, consumir o comercializar soluciones y productos eco-usables al por mayor, cont\u00e1ctanos aqu\u00ed. DISTRIBUIDORES \u00a0<\/p>","protected":false},"author":1,"featured_media":0,"parent":0,"menu_order":0,"comment_status":"closed","ping_status":"closed","template":"","meta":{"site-sidebar-layout":"default","site-content-layout":"","ast-site-content-layout":"default","site-content-style":"default","site-sidebar-style":"default","ast-global-header-display":"","ast-banner-title-visibility":"","ast-main-header-display":"","ast-hfb-above-header-display":"","ast-hfb-below-header-display":"","ast-hfb-mobile-header-display":"","site-post-title":"","ast-breadcrumbs-content":"","ast-featured-img":"","footer-sml-layout":"","theme-transparent-header-meta":"default","adv-header-id-meta":"","stick-header-meta":"","header-above-stick-meta":"","header-main-stick-meta":"","header-below-stick-meta":"","astra-migrate-meta-layouts":"set","ast-page-background-enabled":"default","ast-page-background-meta":{"desktop":{"background-color":"","background-image":"","background-repeat":"repeat","background-position":"center center","background-size":"auto","background-attachment":"scroll","background-type":"","background-media":"","overlay-type":"","overlay-color":"","overlay-opacity":"","overlay-gradient":""},"tablet":{"background-color":"","background-image":"","background-repeat":"repeat","background-position":"center center","background-size":"auto","background-attachment":"scroll","background-type":"","background-media":"","overlay-type":"","overlay-color":"","overlay-opacity":"","overlay-gradient":""},"mobile":{"background-color":"","background-image":"","background-repeat":"repeat","background-position":"center center","background-size":"auto","background-attachment":"scroll","background-type":"","background-media":"","overlay-type":"","overlay-color":"","overlay-opacity":"","overlay-gradient":""}},"ast-content-background-meta":{"desktop":{"background-color":"var(--ast-global-color-5)","background-image":"","background-repeat":"repeat","background-position":"center center","background-size":"auto","background-attachment":"scroll","background-type":"","background-media":"","overlay-type":"","overlay-color":"","overlay-opacity":"","overlay-gradient":""},"tablet":{"background-color":"var(--ast-global-color-5)","background-image":"","background-repeat":"repeat","background-position":"center center","background-size":"auto","background-attachment":"scroll","background-type":"","background-media":"","overlay-type":"","overlay-color":"","overlay-opacity":"","overlay-gradient":""},"mobile":{"background-color":"var(--ast-global-color-5)","background-image":"","background-repeat":"repeat","background-position":"center center","background-size":"auto","background-attachment":"scroll","background-type":"","background-media":"","overlay-type":"","overlay-color":"","overlay-opacity":"","overlay-gradient":""}},"_joinchat":[],"footnotes":""},"class_list":["post-526","page","type-page","status-publish","hentry"],"yoast_head":"<!-- This site is optimized with the Yoast SEO plugin v27.3 - https:\/\/yoast.com\/product\/yoast-seo-wordpress\/ -->\n<title>Cont\u00e1ctanos -<\/title>\n<meta name=\"description\" content=\"Contactanos Ecogreen Biodegradables, completa el formulario o revisa la informacion de nuestros mayoristas en las diferentes ciudades y paises\" \/>\n<meta name=\"robots\" content=\"index, follow, max-snippet:-1, max-image-preview:large, max-video-preview:-1\" \/>\n<link rel=\"canonical\" href=\"https:\/\/biodegradablesproeco.com\/en\/contactanos\/\" \/>\n<meta property=\"og:locale\" content=\"en_US\" \/>\n<meta property=\"og:type\" content=\"article\" \/>\n<meta property=\"og:title\" content=\"Cont\u00e1ctanos -\" \/>\n<meta property=\"og:description\" content=\"Contactanos Ecogreen Biodegradables, completa el formulario o revisa la informacion de nuestros mayoristas en las diferentes ciudades y paises\" \/>\n<meta property=\"og:url\" content=\"https:\/\/biodegradablesproeco.com\/en\/contactanos\/\" \/>\n<meta property=\"article:publisher\" content=\"https:\/\/www.facebook.com\/biodegradablesecogreen\" \/>\n<meta property=\"article:modified_time\" content=\"2024-08-30T04:18:44+00:00\" \/>\n<meta property=\"og:image\" content=\"https:\/\/biodegradablesproeco.com\/wp-content\/uploads\/2023\/02\/distribucion-150x150.png\" \/>\n<meta name=\"twitter:card\" content=\"summary_large_image\" \/>\n<meta name=\"twitter:label1\" content=\"Est. reading time\" \/>\n\t<meta name=\"twitter:data1\" content=\"1 minute\" \/>\n<script type=\"application\/ld+json\" class=\"yoast-schema-graph\">{\"@context\":\"https:\\\/\\\/schema.org\",\"@graph\":[{\"@type\":\"WebPage\",\"@id\":\"https:\\\/\\\/biodegradablesproeco.com\\\/contactanos\\\/\",\"url\":\"https:\\\/\\\/biodegradablesproeco.com\\\/contactanos\\\/\",\"name\":\"Cont\u00e1ctanos -\",\"isPartOf\":{\"@id\":\"https:\\\/\\\/biodegradablesproeco.com\\\/#website\"},\"primaryImageOfPage\":{\"@id\":\"https:\\\/\\\/biodegradablesproeco.com\\\/contactanos\\\/#primaryimage\"},\"image\":{\"@id\":\"https:\\\/\\\/biodegradablesproeco.com\\\/contactanos\\\/#primaryimage\"},\"thumbnailUrl\":\"https:\\\/\\\/biodegradablesproeco.com\\\/wp-content\\\/uploads\\\/2023\\\/02\\\/distribucion-150x150.png\",\"datePublished\":\"2023-02-07T02:18:41+00:00\",\"dateModified\":\"2024-08-30T04:18:44+00:00\",\"description\":\"Contactanos Ecogreen Biodegradables, completa el formulario o revisa la informacion de nuestros mayoristas en las diferentes ciudades y paises\",\"breadcrumb\":{\"@id\":\"https:\\\/\\\/biodegradablesproeco.com\\\/contactanos\\\/#breadcrumb\"},\"inLanguage\":\"en-US\",\"potentialAction\":[{\"@type\":\"ReadAction\",\"target\":[\"https:\\\/\\\/biodegradablesproeco.com\\\/contactanos\\\/\"]}]},{\"@type\":\"ImageObject\",\"inLanguage\":\"en-US\",\"@id\":\"https:\\\/\\\/biodegradablesproeco.com\\\/contactanos\\\/#primaryimage\",\"url\":\"https:\\\/\\\/biodegradablesproeco.com\\\/wp-content\\\/uploads\\\/2023\\\/02\\\/distribucion-150x150.png\",\"contentUrl\":\"https:\\\/\\\/biodegradablesproeco.com\\\/wp-content\\\/uploads\\\/2023\\\/02\\\/distribucion-150x150.png\"},{\"@type\":\"BreadcrumbList\",\"@id\":\"https:\\\/\\\/biodegradablesproeco.com\\\/contactanos\\\/#breadcrumb\",\"itemListElement\":[{\"@type\":\"ListItem\",\"position\":1,\"name\":\"Inicio\",\"item\":\"https:\\\/\\\/biodegradablesproeco.com\\\/\"},{\"@type\":\"ListItem\",\"position\":2,\"name\":\"Cont\u00e1ctanos\"}]},{\"@type\":\"WebSite\",\"@id\":\"https:\\\/\\\/biodegradablesproeco.com\\\/#website\",\"url\":\"https:\\\/\\\/biodegradablesproeco.com\\\/\",\"name\":\"biodegradablesproeco.com\",\"description\":\"\",\"publisher\":{\"@id\":\"https:\\\/\\\/biodegradablesproeco.com\\\/#organization\"},\"potentialAction\":[{\"@type\":\"SearchAction\",\"target\":{\"@type\":\"EntryPoint\",\"urlTemplate\":\"https:\\\/\\\/biodegradablesproeco.com\\\/?s={search_term_string}\"},\"query-input\":{\"@type\":\"PropertyValueSpecification\",\"valueRequired\":true,\"valueName\":\"search_term_string\"}}],\"inLanguage\":\"en-US\"},{\"@type\":\"Organization\",\"@id\":\"https:\\\/\\\/biodegradablesproeco.com\\\/#organization\",\"name\":\"Ecogreen Biodegradables\",\"url\":\"https:\\\/\\\/biodegradablesproeco.com\\\/\",\"logo\":{\"@type\":\"ImageObject\",\"inLanguage\":\"en-US\",\"@id\":\"https:\\\/\\\/biodegradablesproeco.com\\\/#\\\/schema\\\/logo\\\/image\\\/\",\"url\":\"https:\\\/\\\/biodegradablesproeco.com\\\/wp-content\\\/uploads\\\/2024\\\/07\\\/cropped-logo-Proeco.png\",\"contentUrl\":\"https:\\\/\\\/biodegradablesproeco.com\\\/wp-content\\\/uploads\\\/2024\\\/07\\\/cropped-logo-Proeco.png\",\"width\":314,\"height\":91,\"caption\":\"Ecogreen Biodegradables\"},\"image\":{\"@id\":\"https:\\\/\\\/biodegradablesproeco.com\\\/#\\\/schema\\\/logo\\\/image\\\/\"},\"sameAs\":[\"https:\\\/\\\/www.facebook.com\\\/biodegradablesecogreen\"]}]}<\/script>\n<!-- \/ Yoast SEO plugin. -->","yoast_head_json":{"title":"Cont\u00e1ctanos -","description":"Contactanos Ecogreen Biodegradables, completa el formulario o revisa la informacion de nuestros mayoristas en las diferentes ciudades y paises","robots":{"index":"index","follow":"follow","max-snippet":"max-snippet:-1","max-image-preview":"max-image-preview:large","max-video-preview":"max-video-preview:-1"},"canonical":"https:\/\/biodegradablesproeco.com\/en\/contactanos\/","og_locale":"en_US","og_type":"article","og_title":"Cont\u00e1ctanos -","og_description":"Contactanos Ecogreen Biodegradables, completa el formulario o revisa la informacion de nuestros mayoristas en las diferentes ciudades y paises","og_url":"https:\/\/biodegradablesproeco.com\/en\/contactanos\/","article_publisher":"https:\/\/www.facebook.com\/biodegradablesecogreen","article_modified_time":"2024-08-30T04:18:44+00:00","og_image":[{"url":"https:\/\/biodegradablesproeco.com\/wp-content\/uploads\/2023\/02\/distribucion-150x150.png","type":"","width":"","height":""}],"twitter_card":"summary_large_image","twitter_misc":{"Est. reading time":"1 minute"},"schema":{"@context":"https:\/\/schema.org","@graph":[{"@type":"WebPage","@id":"https:\/\/biodegradablesproeco.com\/contactanos\/","url":"https:\/\/biodegradablesproeco.com\/contactanos\/","name":"Cont\u00e1ctanos -","isPartOf":{"@id":"https:\/\/biodegradablesproeco.com\/#website"},"primaryImageOfPage":{"@id":"https:\/\/biodegradablesproeco.com\/contactanos\/#primaryimage"},"image":{"@id":"https:\/\/biodegradablesproeco.com\/contactanos\/#primaryimage"},"thumbnailUrl":"https:\/\/biodegradablesproeco.com\/wp-content\/uploads\/2023\/02\/distribucion-150x150.png","datePublished":"2023-02-07T02:18:41+00:00","dateModified":"2024-08-30T04:18:44+00:00","description":"Contactanos Ecogreen Biodegradables, completa el formulario o revisa la informacion de nuestros mayoristas en las diferentes ciudades y paises","breadcrumb":{"@id":"https:\/\/biodegradablesproeco.com\/contactanos\/#breadcrumb"},"inLanguage":"en-US","potentialAction":[{"@type":"ReadAction","target":["https:\/\/biodegradablesproeco.com\/contactanos\/"]}]},{"@type":"ImageObject","inLanguage":"en-US","@id":"https:\/\/biodegradablesproeco.com\/contactanos\/#primaryimage","url":"https:\/\/biodegradablesproeco.com\/wp-content\/uploads\/2023\/02\/distribucion-150x150.png","contentUrl":"https:\/\/biodegradablesproeco.com\/wp-content\/uploads\/2023\/02\/distribucion-150x150.png"},{"@type":"BreadcrumbList","@id":"https:\/\/biodegradablesproeco.com\/contactanos\/#breadcrumb","itemListElement":[{"@type":"ListItem","position":1,"name":"Inicio","item":"https:\/\/biodegradablesproeco.com\/"},{"@type":"ListItem","position":2,"name":"Cont\u00e1ctanos"}]},{"@type":"WebSite","@id":"https:\/\/biodegradablesproeco.com\/#website","url":"https:\/\/biodegradablesproeco.com\/","name":"biodegradablesproeco.com","description":"","publisher":{"@id":"https:\/\/biodegradablesproeco.com\/#organization"},"potentialAction":[{"@type":"SearchAction","target":{"@type":"EntryPoint","urlTemplate":"https:\/\/biodegradablesproeco.com\/?s={search_term_string}"},"query-input":{"@type":"PropertyValueSpecification","valueRequired":true,"valueName":"search_term_string"}}],"inLanguage":"en-US"},{"@type":"Organization","@id":"https:\/\/biodegradablesproeco.com\/#organization","name":"Ecogreen Biodegradables","url":"https:\/\/biodegradablesproeco.com\/","logo":{"@type":"ImageObject","inLanguage":"en-US","@id":"https:\/\/biodegradablesproeco.com\/#\/schema\/logo\/image\/","url":"https:\/\/biodegradablesproeco.com\/wp-content\/uploads\/2024\/07\/cropped-logo-Proeco.png","contentUrl":"https:\/\/biodegradablesproeco.com\/wp-content\/uploads\/2024\/07\/cropped-logo-Proeco.png","width":314,"height":91,"caption":"Ecogreen Biodegradables"},"image":{"@id":"https:\/\/biodegradablesproeco.com\/#\/schema\/logo\/image\/"},"sameAs":["https:\/\/www.facebook.com\/biodegradablesecogreen"]}]}},"_links":{"self":[{"href":"https:\/\/biodegradablesproeco.com\/en\/wp-json\/wp\/v2\/pages\/526","targetHints":{"allow":["GET"]}}],"collection":[{"href":"https:\/\/biodegradablesproeco.com\/en\/wp-json\/wp\/v2\/pages"}],"about":[{"href":"https:\/\/biodegradablesproeco.com\/en\/wp-json\/wp\/v2\/types\/page"}],"author":[{"embeddable":true,"href":"https:\/\/biodegradablesproeco.com\/en\/wp-json\/wp\/v2\/users\/1"}],"replies":[{"embeddable":true,"href":"https:\/\/biodegradablesproeco.com\/en\/wp-json\/wp\/v2\/comments?post=526"}],"version-history":[{"count":50,"href":"https:\/\/biodegradablesproeco.com\/en\/wp-json\/wp\/v2\/pages\/526\/revisions"}],"predecessor-version":[{"id":5722,"href":"https:\/\/biodegradablesproeco.com\/en\/wp-json\/wp\/v2\/pages\/526\/revisions\/5722"}],"wp:attachment":[{"href":"https:\/\/biodegradablesproeco.com\/en\/wp-json\/wp\/v2\/media?parent=526"}],"curies":[{"name":"wp","href":"https:\/\/api.w.org\/{rel}","templated":true}]}}